{"id":79,"date":"2024-08-08T06:02:39","date_gmt":"2024-08-08T06:02:39","guid":{"rendered":"https:\/\/difeok.org\/web\/?page_id=79"},"modified":"2024-10-24T02:41:24","modified_gmt":"2024-10-24T02:41:24","slug":"konferans-kapsami","status":"publish","type":"page","link":"https:\/\/difeok.org\/web\/blog\/konferans-kapsami\/","title":{"rendered":"Konferans Kapsam\u0131"},"content":{"rendered":"\n<p class=\"has-medium-font-size\"><strong>IV. Ulusal Disiplinleraras\u0131 Fen E\u011fitimi \u00d6\u011fretmenler Konferans\u0131<\/strong><\/p>\n\n\n\n<p class=\"has-text-align-left has-medium-font-size\">G\u00fcn\u00fcm\u00fczde disiplinleraras\u0131 alanlar\u0131 bilimin do\u011fas\u0131 ve bilim tarihi ile b\u00fct\u00fcnle\u015ftirerek, \u00f6\u011frencilere 21. y\u00fczy\u0131l becerilerinin kazand\u0131r\u0131lmas\u0131nda \u00f6\u011fretmenlerin rol\u00fc giderek \u00f6nem kazanmaktad\u0131r. Bu kapsamda \u00f6\u011fretmenlerin fen bilimleri kavramlar\u0131yla matematiksel d\u00fc\u015f\u00fcnme yetene\u011fini bir arada tutan, sosyal bilimler ile teknoloji ve m\u00fchendisli\u011fin i\u00e7 i\u00e7e ge\u00e7ti\u011fi disiplinleraras\u0131 uygulama \u00f6rneklerini tan\u0131maya ihtiya\u00e7lar\u0131 vard\u0131r.<\/p>\n\n\n\n<p class=\"has-medium-font-size\"><strong>Ulusal Disiplinleraras\u0131 Fen E\u011fitimi \u00d6\u011fretmenler Konferans\u0131nda;<\/strong>&nbsp;\u00f6\u011fretmenlerin mesleki geli\u015fimlerini destekleyici nitelikte bilgi ve bilimsel tecr\u00fcbelerin payla\u015f\u0131lmas\u0131, at\u00f6lye \u00e7al\u0131\u015fmalar\u0131 ile uygulama becerilerinin geli\u015ftirilmesi hedeflenmi\u015ftir. Ayr\u0131ca konferans \u00f6\u011fretmenlere \u00f6\u011frencileriyle birlikte kat\u0131labilece\u011fi, \u00f6rnek uygulama etkinliklerini (Proje yar\u0131\u015fmalar\u0131, e-Twinning vb.) payla\u015fabilece\u011fi bilimsel bir ortam sunar.&nbsp;<\/p>\n\n\n\n<p class=\"has-medium-font-size\">D\u00fczenleme kurulundan, davetli konu\u015fmac\u0131lar\u0131na, at\u00f6lye \u00e7al\u0131\u015fmalar\u0131ndan proje sunumlar\u0131na kadar t\u00fcm konferans s\u00fcreci \u00f6\u011fretmenlerimizle birlikte planlanm\u0131\u015ft\u0131r.<\/p>\n\n\n\n<h3 class=\"wp-block-heading has-medium-font-size\"><strong>Konferans Konular\u0131&nbsp;<\/strong><\/h3>\n\n\n\n<p class=\"has-medium-font-size\">Fen bilgisi, fizik, kimya, biyoloji ve matematik e\u011fitimi alanlar\u0131nda disiplinleraras\u0131;<\/p>\n\n\n\n<p class=\"has-medium-font-size\">\u00f6\u011fretmen e\u011fitimi,<\/p>\n\n\n\n<p class=\"has-medium-font-size\">\u00f6\u011fretim programlar\u0131,<\/p>\n\n\n\n<p class=\"has-medium-font-size\">\u00f6\u011fretim y\u00f6ntemleri,<\/p>\n\n\n\n<p class=\"has-medium-font-size\">\u00f6l\u00e7me ve de\u011ferlendirme,<\/p>\n\n\n\n<p class=\"has-medium-font-size\">\u00f6\u011fretim teknolojileri ve uygulamalar\u0131,<\/p>\n\n\n\n<p class=\"has-medium-font-size\">\u00e7evre e\u011fitimi,<\/p>\n\n\n\n<p class=\"has-medium-font-size\">okul d\u0131\u015f\u0131 \u00f6\u011frenme ortamlar\u0131, STEM e\u011fitimi,<\/p>\n\n\n\n<p class=\"has-medium-font-size\">yapay zekan\u0131n e\u011fitimde uygulamalar\u0131 ve<\/p>\n\n\n\n<p class=\"has-medium-font-size\">proje e\u011fitimi olarak belirlenmi\u015ftir.<\/p>\n\n\n\n<h3 class=\"wp-block-heading has-medium-font-size\"><strong>Konferans kapsam\u0131nda;<\/strong><\/h3>\n\n\n\n<p class=\"has-medium-font-size\">Davetli konu\u015fmac\u0131lar\u0131n sunumlar\u0131&nbsp;<\/p>\n\n\n\n<p class=\"has-medium-font-size\">Bilimsel i\u00e7erikli sunumlar (bildiri, poster)<\/p>\n\n\n\n<p class=\"has-medium-font-size\">\u00d6\u011fretmen-\u00f6\u011frencilerin tamamlanm\u0131\u015f bilimsel projelerine ili\u015fkin sunumlar\u0131 ve e-Twinning proje sunumlar\u0131<\/p>\n\n\n\n<p class=\"has-medium-font-size\">Disiplinleraras\u0131, STEM at\u00f6lye \u00e7al\u0131\u015fmalar\u0131na yer verilecektir.<\/p>\n","protected":false},"excerpt":{"rendered":"<p>IV. Ulusal Disiplinleraras\u0131 Fen E\u011fitimi \u00d6\u011fretmenler Konferans\u0131 G\u00fcn\u00fcm\u00fczde disiplinleraras\u0131 alanlar\u0131 bilimin do\u011fas\u0131 ve bilim tarihi ile b\u00fct\u00fcnle\u015ftirerek, \u00f6\u011frencilere 21. y\u00fczy\u0131l becerilerinin kazand\u0131r\u0131lmas\u0131nda \u00f6\u011fretmenlerin rol\u00fc giderek \u00f6nem kazanmaktad\u0131r. Bu kapsamda \u00f6\u011fretmenlerin fen bilimleri kavramlar\u0131yla matematiksel d\u00fc\u015f\u00fcnme yetene\u011fini bir arada tutan, sosyal bilimler ile teknoloji ve m\u00fchendisli\u011fin i\u00e7 i\u00e7e ge\u00e7ti\u011fi disiplinleraras\u0131 uygulama \u00f6rneklerini tan\u0131maya ihtiya\u00e7lar\u0131 vard\u0131r. Ulusal [&hellip;]<\/p>\n","protected":false},"author":1,"featured_media":0,"parent":37,"menu_order":1,"comment_status":"closed","ping_status":"closed","template":"full-width","meta":{"saved_in_kubio":true,"footnotes":""},"class_list":["post-79","page","type-page","status-publish","hentry"],"aioseo_notices":[],"kubio_ai_page_context":{"short_desc":"","purpose":"general"},"_links":{"self":[{"href":"https:\/\/difeok.org\/web\/wp-json\/wp\/v2\/pages\/79"}],"collection":[{"href":"https:\/\/difeok.org\/web\/wp-json\/wp\/v2\/pages"}],"about":[{"href":"https:\/\/difeok.org\/web\/wp-json\/wp\/v2\/types\/page"}],"author":[{"embeddable":true,"href":"https:\/\/difeok.org\/web\/wp-json\/wp\/v2\/users\/1"}],"replies":[{"embeddable":true,"href":"https:\/\/difeok.org\/web\/wp-json\/wp\/v2\/comments?post=79"}],"version-history":[{"count":11,"href":"https:\/\/difeok.org\/web\/wp-json\/wp\/v2\/pages\/79\/revisions"}],"predecessor-version":[{"id":355,"href":"https:\/\/difeok.org\/web\/wp-json\/wp\/v2\/pages\/79\/revisions\/355"}],"up":[{"embeddable":true,"href":"https:\/\/difeok.org\/web\/wp-json\/wp\/v2\/pages\/37"}],"wp:attachment":[{"href":"https:\/\/difeok.org\/web\/wp-json\/wp\/v2\/media?parent=79"}],"curies":[{"name":"wp","href":"https:\/\/api.w.org\/{rel}","templated":true}]}}