{"id":508,"date":"2025-09-24T12:16:47","date_gmt":"2025-09-24T12:16:47","guid":{"rendered":"https:\/\/difeok.org\/web\/?page_id=508"},"modified":"2025-09-25T12:02:11","modified_gmt":"2025-09-25T12:02:11","slug":"odeme-ekrani","status":"publish","type":"page","link":"https:\/\/difeok.org\/web\/odeme-ekrani\/","title":{"rendered":"\u00d6deme Ekran\u0131"},"content":{"rendered":"\n<p><br><br><strong>D\u0130FE\u00d6K 2025 \u00dccret Bilgileri<\/strong><\/p>\n\n\n\n<p>Konferans program\u0131na kat\u0131l\u0131m i\u00e7in t\u00fcm kat\u0131l\u0131mc\u0131lar\u0131n kay\u0131t yapt\u0131rmas\u0131 ve kay\u0131t \u00fccretini \u00f6demesi gerekmektedir. Konferansta sunulan bildirilerin \u00f6zet ve tam metinleri konferans kitab\u0131nda yay\u0131mlanacakt\u0131r. Ayr\u0131ca, iste\u011fe ba\u011fl\u0131 olarak konferans\u0131m\u0131zla i\u015f birli\u011fi yapan dergilerde, hakem s\u00fcreci tamamland\u0131ktan sonra makale format\u0131nda de\u011ferlendirilecektir.<\/p>\n\n\n\n<p><strong>Kay\u0131t \u00dccretleri<\/strong><\/p>\n\n\n\n<div class=\"wp-block-columns is-layout-flex wp-container-core-columns-is-layout-1 wp-block-columns-is-layout-flex\">\n<div class=\"wp-block-column is-layout-flow wp-block-column-is-layout-flow\" style=\"flex-basis:100%\">\n<figure class=\"wp-block-table is-style-regular\"><table class=\"has-kubio-color-6-color has-text-color has-link-color has-fixed-layout\"><thead><tr><td><strong>Kat\u0131l\u0131mc\u0131 T\u00fcr\u00fc<\/strong><\/td><td><strong>Kay\u0131t \u00dccreti<\/strong><\/td><td><strong>&nbsp;&nbsp;&nbsp;&nbsp;&nbsp;&nbsp;&nbsp; Dahil Olanlar<\/strong><\/td><td class=\"has-text-align-center\" data-align=\"center\"><strong>\u00d6DEME BA\u011eLANTILARI<\/strong><\/td><\/tr><\/thead><tbody><tr><td><strong>Akademisyen &amp;<\/strong> <strong>\u00d6\u011fretmen<\/strong><strong><\/strong><\/td><td>1500 TL<\/td><td>Bildiri sunumlar\u0131 (kat\u0131l\u0131m \u00fccreti 2 bildiri i\u00e7in ge\u00e7erlidir.) ve at\u00f6lye sunumlar\u0131, \u00f6\u011fle yeme\u011fi,&nbsp; \u00e7ay\/kahve ikramlar\u0131.<\/td><td class=\"has-text-align-center\" data-align=\"center\"><strong><a href=\"https:\/\/iyzi.link\/AKSXrw\" target=\"_blank\" rel=\"noreferrer noopener\">\u00d6DEME YAPMAK \u0130\u00c7\u0130N <\/a><\/strong><span><a href=\"https:\/\/iyzi.link\/AKSXrw\" target=\"_blank\" rel=\"noreferrer noopener\"><strong>TIKLAYINIZ<\/strong><\/a><\/span><\/td><\/tr><tr><td><strong>\u00d6\u011frenci<\/strong><strong> (lisans, y\u00fcksek lisans, doktora)<\/strong><\/td><td>1000 TL<\/td><td>Bildiri sunumlar\u0131 (kat\u0131l\u0131m \u00fccreti 2 bildiri i\u00e7in ge\u00e7erlidir.) ve at\u00f6lye sunumlar\u0131, \u00f6\u011fle yeme\u011fi, \u00e7ay\/kahve ikramlar\u0131.<\/td><td class=\"has-text-align-center\" data-align=\"center\"><strong><a href=\"https:\/\/iyzi.link\/AKSXtA\" target=\"_blank\" rel=\"noreferrer noopener\">\u00d6DEME YAPMAK \u0130\u00c7\u0130N <\/a><\/strong><span><a href=\"https:\/\/iyzi.link\/AKSXtA\" target=\"_blank\" rel=\"noreferrer noopener\"><strong>TIKLAYINIZ<\/strong><\/a><\/span><\/td><\/tr><tr><td><strong>Dinleyici<\/strong><strong><\/strong><\/td><td>1000 TL<\/td><td>&nbsp; Bildiri sunumlar\u0131n\u0131 dinleyebilir ve At\u00f6lyelere kat\u0131labilirler, \u00f6\u011fle yeme\u011fi, \u00e7ay\/kahve ikramlar\u0131 ve Dinleyici Kat\u0131l\u0131m Belgesi.<\/td><td class=\"has-text-align-center\" data-align=\"center\"><strong><a href=\"https:\/\/iyzi.link\/AKSXtA\" target=\"_blank\" rel=\"noreferrer noopener\">\u00d6DEME YAPMAK \u0130\u00c7\u0130N <\/a><\/strong><span><a href=\"https:\/\/iyzi.link\/AKSXtA\" target=\"_blank\" rel=\"noreferrer noopener\"><strong>TIKLAYINIZ<\/strong><\/a><\/span><\/td><\/tr><\/tbody><\/table><\/figure>\n<\/div>\n<\/div>\n\n\n\n<p><strong>Kay\u0131t \u0130ptal ve \u0130ade Politikas\u0131<\/strong><\/p>\n\n\n\n<ul class=\"wp-block-list\">\n<li>Kay\u0131t iptal ve de\u011fi\u015fiklik taleplerinizi konferans sekreterli\u011fine e-posta yoluyla iletmeniz gerekmektedir.<\/li>\n\n\n\n<li>\u0130ptal talebinizde ad-soyad ve banka hesap bilgilerinizi mutlaka belirtiniz.<\/li>\n\n\n\n<li>15 Ekim 2025 tarihine kadar yap\u0131lan iptallerde kay\u0131t \u00fccretinin tamam\u0131 iade edilecektir.<\/li>\n\n\n\n<li>Bu tarihten sonraki iptallerde \u00fccret iadesi yap\u0131lamamaktad\u0131r.<\/li>\n\n\n\n<li>T\u00fcm iade i\u015flemleri konferans sonras\u0131nda ger\u00e7ekle\u015ftirilecektir.<\/li>\n<\/ul>\n\n\n\n<p><\/p>\n","protected":false},"excerpt":{"rendered":"<p>D\u0130FE\u00d6K 2025 \u00dccret Bilgileri Konferans program\u0131na kat\u0131l\u0131m i\u00e7in t\u00fcm kat\u0131l\u0131mc\u0131lar\u0131n kay\u0131t yapt\u0131rmas\u0131 ve kay\u0131t \u00fccretini \u00f6demesi gerekmektedir. Konferansta sunulan bildirilerin \u00f6zet ve tam metinleri konferans kitab\u0131nda yay\u0131mlanacakt\u0131r. Ayr\u0131ca, iste\u011fe ba\u011fl\u0131 olarak konferans\u0131m\u0131zla i\u015f birli\u011fi yapan dergilerde, hakem s\u00fcreci tamamland\u0131ktan sonra makale format\u0131nda de\u011ferlendirilecektir. Kay\u0131t \u00dccretleri Kat\u0131l\u0131mc\u0131 T\u00fcr\u00fc Kay\u0131t \u00dccreti &nbsp;&nbsp;&nbsp;&nbsp;&nbsp;&nbsp;&nbsp; Dahil Olanlar \u00d6DEME BA\u011eLANTILARI Akademisyen [&hellip;]<\/p>\n","protected":false},"author":1,"featured_media":0,"parent":0,"menu_order":0,"comment_status":"closed","ping_status":"closed","template":"full-width","meta":{"saved_in_kubio":true,"footnotes":""},"class_list":["post-508","page","type-page","status-publish","hentry"],"aioseo_notices":[],"kubio_ai_page_context":{"short_desc":"","purpose":"general"},"_links":{"self":[{"href":"https:\/\/difeok.org\/web\/wp-json\/wp\/v2\/pages\/508"}],"collection":[{"href":"https:\/\/difeok.org\/web\/wp-json\/wp\/v2\/pages"}],"about":[{"href":"https:\/\/difeok.org\/web\/wp-json\/wp\/v2\/types\/page"}],"author":[{"embeddable":true,"href":"https:\/\/difeok.org\/web\/wp-json\/wp\/v2\/users\/1"}],"replies":[{"embeddable":true,"href":"https:\/\/difeok.org\/web\/wp-json\/wp\/v2\/comments?post=508"}],"version-history":[{"count":3,"href":"https:\/\/difeok.org\/web\/wp-json\/wp\/v2\/pages\/508\/revisions"}],"predecessor-version":[{"id":515,"href":"https:\/\/difeok.org\/web\/wp-json\/wp\/v2\/pages\/508\/revisions\/515"}],"wp:attachment":[{"href":"https:\/\/difeok.org\/web\/wp-json\/wp\/v2\/media?parent=508"}],"curies":[{"name":"wp","href":"https:\/\/api.w.org\/{rel}","templated":true}]}}