{"id":480,"date":"2025-07-10T08:38:12","date_gmt":"2025-07-10T08:38:12","guid":{"rendered":"https:\/\/difeok.org\/web\/?page_id=480"},"modified":"2025-07-10T08:47:26","modified_gmt":"2025-07-10T08:47:26","slug":"difeok-2024","status":"publish","type":"page","link":"https:\/\/difeok.org\/web\/difeok-2024\/","title":{"rendered":"D\u0130FE\u00d6K 2024"},"content":{"rendered":"<div class=\"wp-block-image\">\n<figure class=\"aligncenter size-large is-resized\"><img loading=\"lazy\" decoding=\"async\" width=\"726\" height=\"1024\" src=\"https:\/\/difeok.org\/web\/wp-content\/uploads\/2024\/10\/Screenshot-2024-10-18-at-20.19.24-726x1024.png\" alt=\"\" class=\"wp-image-341\" style=\"width:508px;height:auto\" srcset=\"https:\/\/difeok.org\/web\/wp-content\/uploads\/2024\/10\/Screenshot-2024-10-18-at-20.19.24-726x1024.png 726w, https:\/\/difeok.org\/web\/wp-content\/uploads\/2024\/10\/Screenshot-2024-10-18-at-20.19.24-213x300.png 213w, https:\/\/difeok.org\/web\/wp-content\/uploads\/2024\/10\/Screenshot-2024-10-18-at-20.19.24-768x1083.png 768w, https:\/\/difeok.org\/web\/wp-content\/uploads\/2024\/10\/Screenshot-2024-10-18-at-20.19.24-766x1080.png 766w, https:\/\/difeok.org\/web\/wp-content\/uploads\/2024\/10\/Screenshot-2024-10-18-at-20.19.24.png 852w\" sizes=\"(max-width: 726px) 100vw, 726px\" \/><\/figure><\/div>\n\n\n<div data-wp-interactive=\"core\/file\" class=\"wp-block-file\"><object data-wp-bind--hidden=\"!state.hasPdfPreview\"  class=\"wp-block-file__embed\" data=\"https:\/\/difeok.org\/web\/wp-content\/uploads\/2025\/03\/DIFEOK-2024-Ozet-kitabi-1.pdf\" type=\"application\/pdf\" style=\"width:100%;height:600px\" aria-label=\"D\u0130FE\u00d6K 2024  \u00d6zet kitab\u0131 g\u00f6m\u00fcs\u00fc.\"><\/object><a id=\"wp-block-file--media-e77d9f65-dad8-43d6-97f1-f116ef11bc89\" href=\"https:\/\/difeok.org\/web\/wp-content\/uploads\/2025\/03\/DIFEOK-2024-Ozet-kitabi-1.pdf\">D\u0130FE\u00d6K 2024  \u00d6zet kitab\u0131<\/a><a href=\"https:\/\/difeok.org\/web\/wp-content\/uploads\/2025\/03\/DIFEOK-2024-Ozet-kitabi-1.pdf\" class=\"wp-block-file__button wp-element-button\" download aria-describedby=\"wp-block-file--media-e77d9f65-dad8-43d6-97f1-f116ef11bc89\">\u0130ndir<\/a><\/div>\n\n\n\n<div data-wp-interactive=\"core\/file\" class=\"wp-block-file\"><object data-wp-bind--hidden=\"!state.hasPdfPreview\"  class=\"wp-block-file__embed\" data=\"https:\/\/difeok.org\/web\/wp-content\/uploads\/2024\/11\/Atolye-2024.pdf\" type=\"application\/pdf\" style=\"width:100%;height:600px\" aria-label=\"At\u00f6lye 2024 g\u00f6m\u00fcs\u00fc.\"><\/object><a id=\"wp-block-file--media-afb6a490-f363-490f-b97a-17c868292242\" href=\"https:\/\/difeok.org\/web\/wp-content\/uploads\/2024\/11\/Atolye-2024.pdf\">At\u00f6lye 2024<\/a><a href=\"https:\/\/difeok.org\/web\/wp-content\/uploads\/2024\/11\/Atolye-2024.pdf\" class=\"wp-block-file__button wp-element-button\" download aria-describedby=\"wp-block-file--media-afb6a490-f363-490f-b97a-17c868292242\">\u0130ndir<\/a><\/div>\n","protected":false},"excerpt":{"rendered":"","protected":false},"author":1,"featured_media":0,"parent":0,"menu_order":0,"comment_status":"closed","ping_status":"closed","template":"full-width","meta":{"saved_in_kubio":false,"footnotes":""},"class_list":["post-480","page","type-page","status-publish","hentry"],"aioseo_notices":[],"kubio_ai_page_context":{"short_desc":"","purpose":"general"},"_links":{"self":[{"href":"https:\/\/difeok.org\/web\/wp-json\/wp\/v2\/pages\/480"}],"collection":[{"href":"https:\/\/difeok.org\/web\/wp-json\/wp\/v2\/pages"}],"about":[{"href":"https:\/\/difeok.org\/web\/wp-json\/wp\/v2\/types\/page"}],"author":[{"embeddable":true,"href":"https:\/\/difeok.org\/web\/wp-json\/wp\/v2\/users\/1"}],"replies":[{"embeddable":true,"href":"https:\/\/difeok.org\/web\/wp-json\/wp\/v2\/comments?post=480"}],"version-history":[{"count":2,"href":"https:\/\/difeok.org\/web\/wp-json\/wp\/v2\/pages\/480\/revisions"}],"predecessor-version":[{"id":490,"href":"https:\/\/difeok.org\/web\/wp-json\/wp\/v2\/pages\/480\/revisions\/490"}],"wp:attachment":[{"href":"https:\/\/difeok.org\/web\/wp-json\/wp\/v2\/media?parent=480"}],"curies":[{"name":"wp","href":"https:\/\/api.w.org\/{rel}","templated":true}]}}