{"id":442,"date":"2024-12-06T20:41:42","date_gmt":"2024-12-06T20:41:42","guid":{"rendered":"https:\/\/difeok.org\/web\/?page_id=442"},"modified":"2025-11-26T10:52:07","modified_gmt":"2025-11-26T10:52:07","slug":"ozet-kitabi","status":"publish","type":"page","link":"https:\/\/difeok.org\/web\/ozet-kitabi\/","title":{"rendered":"\u00d6zet ve Tam Metin Kitap\u00e7\u0131\u011f\u0131"},"content":{"rendered":"\n<div data-wp-interactive=\"core\/file\" class=\"wp-block-file\"><object data-wp-bind--hidden=\"!state.hasPdfPreview\"  class=\"wp-block-file__embed\" data=\"https:\/\/difeok.org\/web\/wp-content\/uploads\/2025\/11\/DIFEOK-2025-Program-ve-ozet-23.11.2025.pdf\" type=\"application\/pdf\" style=\"width:100%;height:600px\" aria-label=\"DI\u0307FEO\u0308K 2025 Program ve \u00d6zet g\u00f6m\u00fcs\u00fc.\"><\/object><a id=\"wp-block-file--media-72a7ed45-0e18-4b74-b41c-ace360ca1eb6\" href=\"https:\/\/difeok.org\/web\/wp-content\/uploads\/2025\/11\/DIFEOK-2025-Program-ve-ozet-23.11.2025.pdf\" target=\"_blank\" rel=\"noreferrer noopener\">DI\u0307FEO\u0308K 2025 Program ve \u00d6zet<\/a><a href=\"https:\/\/difeok.org\/web\/wp-content\/uploads\/2025\/11\/DIFEOK-2025-Program-ve-ozet-23.11.2025.pdf\" class=\"wp-block-file__button wp-element-button\" download aria-describedby=\"wp-block-file--media-72a7ed45-0e18-4b74-b41c-ace360ca1eb6\">\u0130ndir<\/a><\/div>\n\n\n\n<p><\/p>\n","protected":false},"excerpt":{"rendered":"","protected":false},"author":1,"featured_media":0,"parent":0,"menu_order":0,"comment_status":"closed","ping_status":"closed","template":"full-width","meta":{"saved_in_kubio":true,"footnotes":""},"class_list":["post-442","page","type-page","status-publish","hentry"],"aioseo_notices":[],"kubio_ai_page_context":{"short_desc":"","purpose":"general"},"_links":{"self":[{"href":"https:\/\/difeok.org\/web\/wp-json\/wp\/v2\/pages\/442"}],"collection":[{"href":"https:\/\/difeok.org\/web\/wp-json\/wp\/v2\/pages"}],"about":[{"href":"https:\/\/difeok.org\/web\/wp-json\/wp\/v2\/types\/page"}],"author":[{"embeddable":true,"href":"https:\/\/difeok.org\/web\/wp-json\/wp\/v2\/users\/1"}],"replies":[{"embeddable":true,"href":"https:\/\/difeok.org\/web\/wp-json\/wp\/v2\/comments?post=442"}],"version-history":[{"count":9,"href":"https:\/\/difeok.org\/web\/wp-json\/wp\/v2\/pages\/442\/revisions"}],"predecessor-version":[{"id":545,"href":"https:\/\/difeok.org\/web\/wp-json\/wp\/v2\/pages\/442\/revisions\/545"}],"wp:attachment":[{"href":"https:\/\/difeok.org\/web\/wp-json\/wp\/v2\/media?parent=442"}],"curies":[{"name":"wp","href":"https:\/\/api.w.org\/{rel}","templated":true}]}}