{"id":396,"date":"2024-11-11T12:19:44","date_gmt":"2024-11-11T12:19:44","guid":{"rendered":"https:\/\/difeok.org\/web\/?page_id=396"},"modified":"2024-11-12T14:08:55","modified_gmt":"2024-11-12T14:08:55","slug":"bildiri-sunum-ornek-sablonu","status":"publish","type":"page","link":"https:\/\/difeok.org\/web\/bildiri-sunum-ornek-sablonu\/","title":{"rendered":"Bildiri Sunum \u00d6rnek \u015eablonu"},"content":{"rendered":"\n<div class=\"wp-block-file\"><a id=\"wp-block-file--media-c30b4e37-32a8-4185-a69a-bfab1841dd36\" href=\"https:\/\/difeok.org\/web\/wp-content\/uploads\/2024\/11\/DOC-20241111-WA0003-2.pptx\">\u00d6rnek \u015fablon i\u00e7in t\u0131klay\u0131n\u0131z.<\/a><a href=\"https:\/\/difeok.org\/web\/wp-content\/uploads\/2024\/11\/DOC-20241111-WA0003-2.pptx\" class=\"wp-block-file__button wp-element-button\" download aria-describedby=\"wp-block-file--media-c30b4e37-32a8-4185-a69a-bfab1841dd36\">\u0130ndir<\/a><\/div>\n","protected":false},"excerpt":{"rendered":"","protected":false},"author":1,"featured_media":0,"parent":0,"menu_order":0,"comment_status":"closed","ping_status":"closed","template":"full-width","meta":{"saved_in_kubio":true,"footnotes":""},"class_list":["post-396","page","type-page","status-publish","hentry"],"aioseo_notices":[],"kubio_ai_page_context":{"short_desc":"","purpose":"general"},"_links":{"self":[{"href":"https:\/\/difeok.org\/web\/wp-json\/wp\/v2\/pages\/396"}],"collection":[{"href":"https:\/\/difeok.org\/web\/wp-json\/wp\/v2\/pages"}],"about":[{"href":"https:\/\/difeok.org\/web\/wp-json\/wp\/v2\/types\/page"}],"author":[{"embeddable":true,"href":"https:\/\/difeok.org\/web\/wp-json\/wp\/v2\/users\/1"}],"replies":[{"embeddable":true,"href":"https:\/\/difeok.org\/web\/wp-json\/wp\/v2\/comments?post=396"}],"version-history":[{"count":5,"href":"https:\/\/difeok.org\/web\/wp-json\/wp\/v2\/pages\/396\/revisions"}],"predecessor-version":[{"id":497,"href":"https:\/\/difeok.org\/web\/wp-json\/wp\/v2\/pages\/396\/revisions\/497"}],"wp:attachment":[{"href":"https:\/\/difeok.org\/web\/wp-json\/wp\/v2\/media?parent=396"}],"curies":[{"name":"wp","href":"https:\/\/api.w.org\/{rel}","templated":true}]}}