{"id":250,"date":"2024-08-12T10:17:00","date_gmt":"2024-08-12T10:17:00","guid":{"rendered":"https:\/\/difeok.org\/web\/?page_id=250"},"modified":"2025-07-25T09:46:07","modified_gmt":"2025-07-25T09:46:07","slug":"iletisim","status":"publish","type":"page","link":"https:\/\/difeok.org\/web\/iletisim\/","title":{"rendered":"\u0130leti\u015fim"},"content":{"rendered":"\n<p class=\"has-medium-font-size\">Prof. Dr. Alev Do\u011fan &#8211; dogan.alev@gmail.com<\/p>\n\n\n\n<p class=\"has-medium-font-size\"> Prof. Dr. Semra Mirici &#8211; semramirici@gmail.com<\/p>\n\n\n\n<p class=\"has-medium-font-size\">Konferans sekreteryas\u0131 e-maili: difeok21yy@gmail.com<\/p>\n\n\n\n<p class=\"has-medium-font-size\">Web Site Sorumlusu:  Ar\u015f. G\u00f6r. Nur\u015fah Ata\u015f &#8211; nursahatas@hacettepe.edu.tr<\/p>\n\n\n\n<p><\/p>\n","protected":false},"excerpt":{"rendered":"<p>Prof. Dr. Alev Do\u011fan &#8211; dogan.alev@gmail.com Prof. Dr. Semra Mirici &#8211; semramirici@gmail.com Konferans sekreteryas\u0131 e-maili: difeok21yy@gmail.com Web Site Sorumlusu: Ar\u015f. G\u00f6r. Nur\u015fah Ata\u015f &#8211; nursahatas@hacettepe.edu.tr<\/p>\n","protected":false},"author":1,"featured_media":0,"parent":0,"menu_order":0,"comment_status":"closed","ping_status":"closed","template":"full-width","meta":{"saved_in_kubio":true,"footnotes":""},"class_list":["post-250","page","type-page","status-publish","hentry"],"aioseo_notices":[],"kubio_ai_page_context":{"short_desc":"","purpose":"general"},"_links":{"self":[{"href":"https:\/\/difeok.org\/web\/wp-json\/wp\/v2\/pages\/250"}],"collection":[{"href":"https:\/\/difeok.org\/web\/wp-json\/wp\/v2\/pages"}],"about":[{"href":"https:\/\/difeok.org\/web\/wp-json\/wp\/v2\/types\/page"}],"author":[{"embeddable":true,"href":"https:\/\/difeok.org\/web\/wp-json\/wp\/v2\/users\/1"}],"replies":[{"embeddable":true,"href":"https:\/\/difeok.org\/web\/wp-json\/wp\/v2\/comments?post=250"}],"version-history":[{"count":7,"href":"https:\/\/difeok.org\/web\/wp-json\/wp\/v2\/pages\/250\/revisions"}],"predecessor-version":[{"id":500,"href":"https:\/\/difeok.org\/web\/wp-json\/wp\/v2\/pages\/250\/revisions\/500"}],"wp:attachment":[{"href":"https:\/\/difeok.org\/web\/wp-json\/wp\/v2\/media?parent=250"}],"curies":[{"name":"wp","href":"https:\/\/api.w.org\/{rel}","templated":true}]}}