{"id":191,"date":"2024-08-11T09:48:54","date_gmt":"2024-08-11T09:48:54","guid":{"rendered":"https:\/\/difeok.org\/web\/kayit-ve-ozet-gonderimi\/"},"modified":"2025-09-24T12:19:05","modified_gmt":"2025-09-24T12:19:05","slug":"kayit-ve-ozet-gonderimi","status":"publish","type":"page","link":"https:\/\/difeok.org\/web\/kayit-ve-ozet-gonderimi\/","title":{"rendered":"Kay\u0131t ve \u00d6zet G\u00f6nderimi"},"content":{"rendered":"","protected":false},"excerpt":{"rendered":"","protected":false},"author":1,"featured_media":0,"parent":0,"menu_order":0,"comment_status":"closed","ping_status":"closed","template":"full-width","meta":{"saved_in_kubio":true,"footnotes":""},"class_list":["post-191","page","type-page","status-publish","hentry"],"aioseo_notices":[],"kubio_ai_page_context":{"short_desc":"","purpose":"general"},"_links":{"self":[{"href":"https:\/\/difeok.org\/web\/wp-json\/wp\/v2\/pages\/191"}],"collection":[{"href":"https:\/\/difeok.org\/web\/wp-json\/wp\/v2\/pages"}],"about":[{"href":"https:\/\/difeok.org\/web\/wp-json\/wp\/v2\/types\/page"}],"author":[{"embeddable":true,"href":"https:\/\/difeok.org\/web\/wp-json\/wp\/v2\/users\/1"}],"replies":[{"embeddable":true,"href":"https:\/\/difeok.org\/web\/wp-json\/wp\/v2\/comments?post=191"}],"version-history":[{"count":21,"href":"https:\/\/difeok.org\/web\/wp-json\/wp\/v2\/pages\/191\/revisions"}],"predecessor-version":[{"id":513,"href":"https:\/\/difeok.org\/web\/wp-json\/wp\/v2\/pages\/191\/revisions\/513"}],"wp:attachment":[{"href":"https:\/\/difeok.org\/web\/wp-json\/wp\/v2\/media?parent=191"}],"curies":[{"name":"wp","href":"https:\/\/api.w.org\/{rel}","templated":true}]}}