{"id":158,"date":"2024-08-10T13:33:51","date_gmt":"2024-08-10T13:33:51","guid":{"rendered":"https:\/\/difeok.org\/web\/?page_id=158"},"modified":"2024-10-24T02:42:36","modified_gmt":"2024-10-24T02:42:36","slug":"yayin-olanaklari","status":"publish","type":"page","link":"https:\/\/difeok.org\/web\/yayin-olanaklari\/","title":{"rendered":"Yay\u0131n Olanaklar\u0131"},"content":{"rendered":"\n<ul class=\"wp-block-list\">\n<li class=\"has-medium-font-size\">Konferansa kabul edilen bildirilerin \u00f6zetleri ve tam metinleri, ISBN numaral\u0131 e-kitap format\u0131nda yay\u0131mlanacakt\u0131r.<\/li>\n<\/ul>\n\n\n\n<p><\/p>\n","protected":false},"excerpt":{"rendered":"","protected":false},"author":1,"featured_media":0,"parent":0,"menu_order":0,"comment_status":"closed","ping_status":"closed","template":"full-width","meta":{"saved_in_kubio":true,"footnotes":""},"class_list":["post-158","page","type-page","status-publish","hentry"],"aioseo_notices":[],"kubio_ai_page_context":{"short_desc":"","purpose":"general"},"_links":{"self":[{"href":"https:\/\/difeok.org\/web\/wp-json\/wp\/v2\/pages\/158"}],"collection":[{"href":"https:\/\/difeok.org\/web\/wp-json\/wp\/v2\/pages"}],"about":[{"href":"https:\/\/difeok.org\/web\/wp-json\/wp\/v2\/types\/page"}],"author":[{"embeddable":true,"href":"https:\/\/difeok.org\/web\/wp-json\/wp\/v2\/users\/1"}],"replies":[{"embeddable":true,"href":"https:\/\/difeok.org\/web\/wp-json\/wp\/v2\/comments?post=158"}],"version-history":[{"count":14,"href":"https:\/\/difeok.org\/web\/wp-json\/wp\/v2\/pages\/158\/revisions"}],"predecessor-version":[{"id":289,"href":"https:\/\/difeok.org\/web\/wp-json\/wp\/v2\/pages\/158\/revisions\/289"}],"wp:attachment":[{"href":"https:\/\/difeok.org\/web\/wp-json\/wp\/v2\/media?parent=158"}],"curies":[{"name":"wp","href":"https:\/\/api.w.org\/{rel}","templated":true}]}}