{"id":148,"date":"2024-08-10T13:28:45","date_gmt":"2024-08-10T13:28:45","guid":{"rendered":"https:\/\/difeok.org\/web\/?page_id=148"},"modified":"2025-07-14T07:42:41","modified_gmt":"2025-07-14T07:42:41","slug":"onemli-tarihler","status":"publish","type":"page","link":"https:\/\/difeok.org\/web\/onemli-tarihler\/","title":{"rendered":"\u00d6nemli Tarihler"},"content":{"rendered":"\n<h5 class=\"wp-block-heading has-text-color has-link-color has-medium-font-size wp-elements-83a88ea3f29060c9daf83767a934b2dd\" style=\"color:#000000\">Bildiri\/\u00d6zet G\u00f6nderimi i\u00e7in Ba\u015flang\u0131\u00e7 Tarihi<\/h5>\n\n\n\n<p class=\"has-text-color has-link-color has-medium-font-size wp-elements-4d07194396198c432d78f2d1c6b36962\" style=\"color:#000000\">1 Temmuz 2025<\/p>\n\n\n\n<h4 class=\"wp-block-heading has-text-color has-link-color has-medium-font-size wp-elements-0e0c510d0f11c0f7ca93178c0423370e\" style=\"color:#000000\">Bildiri\/\u00d6zet G\u00f6nderimi i\u00e7in Son Tarih<\/h4>\n\n\n\n<p class=\"has-kubio-color-6-color has-text-color has-link-color has-medium-font-size wp-elements-09791c02d5927da4c84b258d01f64a78\">20 Ekim 2025<\/p>\n\n\n\n<h4 class=\"wp-block-heading has-text-color has-link-color has-medium-font-size wp-elements-681d0b8cbf6f6e614f7bec98f7d0cbf2\" style=\"color:#000000\">Konferans Program\u0131n\u0131n A\u00e7\u0131klanmas\u0131<\/h4>\n\n\n\n<p class=\"has-medium-font-size\">30 Ekim 2025<\/p>\n\n\n\n<h4 class=\"wp-block-heading has-text-color has-link-color wp-elements-953974f2e4faad32a79f7d7762a9bf15\" style=\"color:#000000\">Tam Metinlerin G\u00f6nderilmesi i\u00e7in Son Tarih<\/h4>\n\n\n\n<p class=\"has-medium-font-size\">30 Kas\u0131m 2025<\/p>\n","protected":false},"excerpt":{"rendered":"<p>Bildiri\/\u00d6zet G\u00f6nderimi i\u00e7in Ba\u015flang\u0131\u00e7 Tarihi 1 Temmuz 2025 Bildiri\/\u00d6zet G\u00f6nderimi i\u00e7in Son Tarih 20 Ekim 2025 Konferans Program\u0131n\u0131n A\u00e7\u0131klanmas\u0131 30 Ekim 2025 Tam Metinlerin G\u00f6nderilmesi i\u00e7in Son Tarih 30 Kas\u0131m 2025<\/p>\n","protected":false},"author":1,"featured_media":0,"parent":0,"menu_order":0,"comment_status":"closed","ping_status":"closed","template":"full-width","meta":{"saved_in_kubio":true,"footnotes":""},"class_list":["post-148","page","type-page","status-publish","hentry"],"aioseo_notices":[],"kubio_ai_page_context":{"short_desc":"","purpose":"general"},"_links":{"self":[{"href":"https:\/\/difeok.org\/web\/wp-json\/wp\/v2\/pages\/148"}],"collection":[{"href":"https:\/\/difeok.org\/web\/wp-json\/wp\/v2\/pages"}],"about":[{"href":"https:\/\/difeok.org\/web\/wp-json\/wp\/v2\/types\/page"}],"author":[{"embeddable":true,"href":"https:\/\/difeok.org\/web\/wp-json\/wp\/v2\/users\/1"}],"replies":[{"embeddable":true,"href":"https:\/\/difeok.org\/web\/wp-json\/wp\/v2\/comments?post=148"}],"version-history":[{"count":12,"href":"https:\/\/difeok.org\/web\/wp-json\/wp\/v2\/pages\/148\/revisions"}],"predecessor-version":[{"id":493,"href":"https:\/\/difeok.org\/web\/wp-json\/wp\/v2\/pages\/148\/revisions\/493"}],"wp:attachment":[{"href":"https:\/\/difeok.org\/web\/wp-json\/wp\/v2\/media?parent=148"}],"curies":[{"name":"wp","href":"https:\/\/api.w.org\/{rel}","templated":true}]}}