{"id":127,"date":"2024-08-08T13:30:25","date_gmt":"2024-08-08T13:30:25","guid":{"rendered":"https:\/\/difeok.org\/web\/?page_id=127"},"modified":"2024-11-12T14:09:59","modified_gmt":"2024-11-12T14:09:59","slug":"bildiri-gonderim-kurallari","status":"publish","type":"page","link":"https:\/\/difeok.org\/web\/bildiri-gonderim-kurallari\/","title":{"rendered":"Bildiri G\u00f6nderim Kurallar\u0131"},"content":{"rendered":"\n<h3 class=\"wp-block-heading\">Bildiri\/At\u00f6lye G\u00f6nderim Kurallar\u0131<\/h3>\n\n\n\n<p>Bildiri g\u00f6nderimleri s\u00f6zl\u00fc bildiri, poster bildiri ayr\u0131ca disiplinleraras\u0131 at\u00f6lye \u00e7al\u0131\u015fmas\u0131 \u015feklinde olacakt\u0131r. Konferans dili T\u00fcrk\u00e7edir.<\/p>\n\n\n\n<p>Bildiriler ve at\u00f6lye i\u00e7erikleri, a\u015fa\u011f\u0131daki kriterlere uygun olarak haz\u0131rlanarak g\u00f6nderilmelidir.<\/p>\n\n\n\n<h3 class=\"wp-block-heading\">S\u00f6zl\u00fc Bildiri Yaz\u0131m Kurallar\u0131<\/h3>\n\n\n\n<p>\u00d6zet i\u00e7eri\u011finde; \u00e7al\u0131\u015fman\u0131n ama\u00e7, y\u00f6ntem, bulgular ve sonu\u00e7 b\u00f6l\u00fcmleri yer almal\u0131d\u0131r. \u00d6zet metni Times New Roman tipinde, 12 punto, iki yana dayal\u0131 ve tek sat\u0131r aral\u0131\u011f\u0131nda olmal\u0131d\u0131r. Ana ba\u015fl\u0131klar Times New Roman, 12 punto ve kal\u0131n karakterli olmal\u0131d\u0131r. \u00d6zet 200-300 kelime aral\u0131\u011f\u0131nda olmal\u0131d\u0131r. Anahtar kelime say\u0131s\u0131 en fazla 5 en az 3 kelime olmal\u0131d\u0131r.\u00a0<\/p>\n\n\n\n<p>Yazar isimleri a\u00e7\u0131k olarak yaz\u0131lmal\u0131, akademik unvanlar\u0131 belirtilmemeli, \u00e7al\u0131\u015ft\u0131\u011f\u0131 kurumlar ve adresleri \u00fcst simge kullan\u0131larak rakam verilmeli ve isimlerin alt\u0131nda belirtilmelidir. Sunumu yapacak yazar\u0131n ad\u0131 ve soyad\u0131n\u0131n alt\u0131 \u00e7izilmi\u015f olmal\u0131d\u0131r. Sadece sorumlu yazar\u0131n e-posta adresi yer almal\u0131d\u0131r. G\u00f6nderilen bildiriler \u00f6zg\u00fcnl\u00fck ve sunum bak\u0131m\u0131ndan iki hakem taraf\u0131ndan de\u011ferlendirilir. Sunumu yap\u0131lmayan \u00e7al\u0131\u015fmalar konferans \u00f6zet kitap\u00e7\u0131\u011f\u0131nda yer almaz.<\/p>\n\n\n\n<h3 class=\"wp-block-heading\">Poster Bildiri Yaz\u0131m Kurallar\u0131<\/h3>\n\n\n\n<p>Programda belirtilen s\u00fcre ve saatlerde posterlerin ba\u015f\u0131nda ilgili yazarlardan en az biri \u00e7al\u0131\u015fmalar\u0131 konusunda bilgi verir.<\/p>\n\n\n\n<p>Poster boyutlar\u0131, 70 X 90 cm boyutlar\u0131nda ve dikey olarak tasarlanmal\u0131d\u0131r. Posterler; ba\u015fl\u0131k, yazar adlar\u0131, adresleri ile ara\u015ft\u0131rman\u0131n giri\u015f, ama\u00e7, y\u00f6ntem, bulgular ve sonu\u00e7lar b\u00f6l\u00fcmlerini i\u00e7ermelidir.<\/p>\n\n\n\n<h3 class=\"wp-block-heading\">At\u00f6lye&nbsp;<\/h3>\n\n\n\n<p>At\u00f6lye yapmak isteyen akademisyenler\/\u00f6\u011fretmenler, k\u0131sa \u00f6zge\u00e7mi\u015flerini ve 200-300 kelime aral\u0131\u011f\u0131nda at\u00f6lye i\u00e7eri\u011fini \u00f6zetleyerek g\u00f6ndermelidir.<\/p>\n\n\n\n<p><a href=\"https:\/\/difeok.org\/uploaded\/DIFEOK-Disiplinlerarasi-Bilim-Atolyeleri-Formati.docx\" target=\"_blank\" rel=\"noreferrer noopener\">D\u0130FE\u00d6K &#8211; Disiplinleraras\u0131 Bilim At\u00f6lyeleri Format\u0131<\/a><\/p>\n\n\n\n<h3 class=\"wp-block-heading\">Proje Sunumlar\u0131<\/h3>\n\n\n\n<p>Uluslararas\u0131 ve ulusal (MEB, T\u00dcB\u0130TAK gibi kurumlar) proje yar\u0131\u015fmalar\u0131na kat\u0131lm\u0131\u015f ve tamamlanm\u0131\u015f \u00f6\u011fretmen-\u00f6\u011frenci projeleri s\u00f6zl\u00fc bildiri yaz\u0131m kurallar\u0131na uygun olarak haz\u0131rlanmal\u0131d\u0131r.&nbsp;<\/p>\n","protected":false},"excerpt":{"rendered":"<p>Bildiri\/At\u00f6lye G\u00f6nderim Kurallar\u0131 Bildiri g\u00f6nderimleri s\u00f6zl\u00fc bildiri, poster bildiri ayr\u0131ca disiplinleraras\u0131 at\u00f6lye \u00e7al\u0131\u015fmas\u0131 \u015feklinde olacakt\u0131r. Konferans dili T\u00fcrk\u00e7edir. Bildiriler ve at\u00f6lye i\u00e7erikleri, a\u015fa\u011f\u0131daki kriterlere uygun olarak haz\u0131rlanarak g\u00f6nderilmelidir. S\u00f6zl\u00fc Bildiri Yaz\u0131m Kurallar\u0131 \u00d6zet i\u00e7eri\u011finde; \u00e7al\u0131\u015fman\u0131n ama\u00e7, y\u00f6ntem, bulgular ve sonu\u00e7 b\u00f6l\u00fcmleri yer almal\u0131d\u0131r. \u00d6zet metni Times New Roman tipinde, 12 punto, iki yana dayal\u0131 ve [&hellip;]<\/p>\n","protected":false},"author":1,"featured_media":0,"parent":0,"menu_order":0,"comment_status":"closed","ping_status":"closed","template":"full-width","meta":{"saved_in_kubio":true,"footnotes":""},"class_list":["post-127","page","type-page","status-publish","hentry"],"aioseo_notices":[],"kubio_ai_page_context":{"short_desc":"","purpose":"general"},"_links":{"self":[{"href":"https:\/\/difeok.org\/web\/wp-json\/wp\/v2\/pages\/127"}],"collection":[{"href":"https:\/\/difeok.org\/web\/wp-json\/wp\/v2\/pages"}],"about":[{"href":"https:\/\/difeok.org\/web\/wp-json\/wp\/v2\/types\/page"}],"author":[{"embeddable":true,"href":"https:\/\/difeok.org\/web\/wp-json\/wp\/v2\/users\/1"}],"replies":[{"embeddable":true,"href":"https:\/\/difeok.org\/web\/wp-json\/wp\/v2\/comments?post=127"}],"version-history":[{"count":5,"href":"https:\/\/difeok.org\/web\/wp-json\/wp\/v2\/pages\/127\/revisions"}],"predecessor-version":[{"id":413,"href":"https:\/\/difeok.org\/web\/wp-json\/wp\/v2\/pages\/127\/revisions\/413"}],"wp:attachment":[{"href":"https:\/\/difeok.org\/web\/wp-json\/wp\/v2\/media?parent=127"}],"curies":[{"name":"wp","href":"https:\/\/api.w.org\/{rel}","templated":true}]}}